{"id":9,"date":"2014-01-08T15:31:26","date_gmt":"2014-01-08T14:31:26","guid":{"rendered":"http:\/\/marliesbackhaus.de\/?page_id=9"},"modified":"2023-01-08T17:36:09","modified_gmt":"2023-01-08T16:36:09","slug":"vita","status":"publish","type":"page","link":"http:\/\/marliesbackhaus.de\/?page_id=9","title":{"rendered":"VITA"},"content":{"rendered":"\n<div class=\"wp-block-columns\">\n<div class=\"wp-block-column\" style=\"flex-basis:100%\">\n<div class=\"wp-block-group\"><div class=\"wp-block-group__inner-container\">\n<div class=\"wp-block-group\"><div class=\"wp-block-group__inner-container\">\n<h3>Marlies Backhaus<\/h3>\n<h6>Oberer Kehlberg 16<\/h6>\n<h6>57439 Attendorn<\/h6>\n<h6>fon. 02722.2125<\/h6>\n<h6><span style=\"color: #ffffff;\"><\/span><span style=\"color: #b8b8b8;\"><a href=\"mailto:marli.backhaus@t-online.de\" style=\"color: #b8b8b8;\">marli.backhaus@t-online.de<\/a><\/span><\/h6>\n<p>1968-2004 Kunsterzieherin am St.-Ursula-Gymnasium Attendorn\u00a0 \u2022\u00a0 1994 Gr\u00fcndung des Kinderateliers des Kunstvereins S\u00fcdsauerland\u00a0 \u2022\u00a0 seit 1996 Mitglied im K\u00fcnstlerbund S\u00fcdsauerland e.V.\u00a0 \u2022\u00a0 seit 1999 Mitglied im FrauenKunstForum\u00a0 \u2022\u00a0 seit 2005 Bezirksvertreterin f\u00fcr S\u00fcdwestfalen im Vorstand im Bundesverband Bildender K\u00fcnstler Westfalen e.V. BBK 2009-2017\u00a0 Vorsitzende im K\u00fcnstlerbund S\u00fcdsauerland e.V.<\/p>\n<p>Arbeits- und Ausstellungsaufenthalte in\u00a0 Otwock\/Polen \u2022 Gif\/ Frankreich \u2022 Havanna\/ Kuba \u2022 Mexikocity \u2022 San Crist\u00f2bal de las Casas \/ Mexiko<\/p>\n<p><span style=\"color: #ffffff;\">Preise<\/span><\/p>\n<p>2006 1. Preis des Kunstvereins Siegen e.V.\u00a0 \u2022\u00a0 2008 Kulturpreis des Kreises Olpe\u00a0 \u2022\u00a0 2020 Heimatpreis f\u00fcr kulturelles Engagement, Attendorn<\/p>\n<p><\/p>\n<p><span style=\"color: #ffffff;\">Einzelausstellungen (Auswahl ab 2001)<\/span><\/p>\n<p>2001 &#8222;diesseits&#8220; Kunstverein S\u00fcdsauerland, Olpe\u00a0 (Katalog)<\/p>\n<p>2002 \u201cWerkschau\u201c Statistisches Bundesamt Bonn<\/p>\n<p>2003 \u201cdiesseitsundanderswo\u201d Radevormwald<\/p>\n<p>2004 \u201dzeitspr\u00fcnge.sichtweisen\u201d Haus Nordhelle, Valbert<\/p>\n<p>2006 \u201cEslohe-offen f\u00fcr Kunst\u201d, Eslohe<\/p>\n<p>\u00a0\u00a0\u00a0\u00a0\u00a0\u00a0\u00a0\u00a0 \u201cen movimiento\u201d Casa de Humboldt, Havanna (Doku)<\/p>\n<p>2008 \u201ccuba. menschen.bewegung.\u201d Galerie Luisenhof, Bochum (2K)<\/p>\n<p>\u00a0\u00a0\u00a0\u00a0\u00a0\u00a0\u00a0\u00a0 \u201cimpresi\u00f2nes de habana\u201d Stadtgalerie Haus K\u00f6ster Emden, Altena<\/p>\n<p>\u00a0\u00a0\u00a0\u00a0\u00a0\u00a0\u00a0\u00a0 \u201cbackhaus.home.\u201c Preisverleihung \u201eKulturpreis des Kreises Olpe\u201c Kreishaus Olpe<\/p>\n<p>2014 \u201cvon der melancholie des erreichten\u201c Torhaus Rombergpark, St\u00e4dtische Galerie Dortmund<\/p>\n<p>\u00a0\u00a0\u00a0\u00a0\u00a0\u00a0\u00a0\u00a0 &#8222;\u00dcberg\u00e4nge. flie\u00dfend und sperrig\u201c WDR-Studio Siegen<\/p>\n<p>2017 &#8222;Entfernungen\u201c IHK, Siegen&#8220;<\/p>\n<p><\/p>\n<p><span style=\"color: #ffffff;\">Gruppenausstellungen (Auswahl ab 2000)<\/span><\/p>\n<p>2000 \u201cKartonagen&#8220; Finnentrop (Katalog)<\/p>\n<p>\u00a0\u00a0\u00a0\u00a0\u00a0\u00a0\u00a0\u00a0 \u201cLiebe an Unorten. leuchtschacht und lichtzeichen\u201c Stra\u00dfenbahndepot, Hagen (Katalog)<\/p>\n<p>2001 &#8222;Kartonagen 2&#8220; Arnsberg<\/p>\n<p>\u00a0\u00a0\u00a0\u00a0\u00a0\u00a0\u00a0\u00a0 &#8222;Erhobenen Hauptes&#8220; Aktion FrauenKunstMuseum Bonn, Berlin (Filmdokumentation)<\/p>\n<p>\u00a0\u00a0\u00a0\u00a0\u00a0\u00a0\u00a0\u00a0 &#8222;projekt muse&#8220; Sprockh\u00f6vel (Katalog)<\/p>\n<p>\u00a0\u00a0\u00a0\u00a0\u00a0\u00a0\u00a0\u00a0 &#8222;in mind of&#8230;rost&#8220; Kreuztal (4 K)<\/p>\n<p>2002 \u201cDas Gelbe vom Ei&#8220; Kunstverein Siegen<\/p>\n<p>\u00a0\u00a0\u00a0\u00a0\u00a0\u00a0\u00a0\u00a0 &#8222;projekt muse 2&#8220; Iserlohn (Katalog)<\/p>\n<p>\u00a0\u00a0\u00a0\u00a0\u00a0\u00a0\u00a0\u00a0 \u201eErhobenen Hauptes&#8220; Aktion des FrauenKunstMuseums Bonn auf der Dokumenta 11 (Filmdoku)<\/p>\n<p>\u00a0\u00a0\u00a0\u00a0\u00a0\u00a0\u00a0\u00a0 Projekt &#8222;Heimat. Fremde.Heimat&#8220; Hagen (Katalog)<\/p>\n<p>\u00a0\u00a0\u00a0\u00a0\u00a0\u00a0\u00a0\u00a0 \u201c..zur Zeit&#8230;\u201c Landtag, D\u00fcsseldorf<\/p>\n<p>\u00a0\u00a0\u00a0\u00a0\u00a0\u00a0\u00a0\u00a0 \u201cmaterial.bilder&#8220; Hespert (Katalog)<\/p>\n<p>2003\u00a0 \u201etogether\u201c Abtei K\u00f6nigsm\u00fcnster, Meschede<\/p>\n<p>\u00a0\u00a0\u00a0\u00a0\u00a0\u00a0\u00a0\u00a0 \u201cNaturArtEN\u201c Ennepetal (Katalog)<\/p>\n<p>\u00a0\u00a0\u00a0\u00a0\u00a0\u00a0\u00a0\u00a0 \u201cKunst im Container.Containu\u00e9\u201c Kunstknoten, Dortmund<\/p>\n<p>\u00a0\u00a0\u00a0\u00a0\u00a0\u00a0\u00a0\u00a0 Projekt \u201eHeimat.Fremde.Heimat &#8211; neue R\u00e4ume\u201c Hagen, Altena, Deilinghofen, Bochum, Attendorn (Katalog)<\/p>\n<p>\u00a0\u00a0\u00a0\u00a0\u00a0\u00a0\u00a0\u00a0 \u201emeterware\u201c Attendorn<\/p>\n<p>2004 \u201ckopflastig\u201d Kunstsommer Siegen (Katalog) (4K)<\/p>\n<p>\u00a0\u00a0\u00a0\u00a0\u00a0\u00a0\u00a0\u00a0 \u201cInseln des Gl\u00fccks\u201d Kunsthaus Rhenania, K\u00f6ln<\/p>\n<p>\u00a0\u00a0\u00a0\u00a0\u00a0\u00a0\u00a0\u00a0 Gesamtschau \u201cHeimat.Fremde.Heimat-neue R\u00e4ume\u201c Zeche Hannover, Herne (Katalog)<\/p>\n<p>2005 \u201ckarton\u201d Handwerkskammer, K\u00f6ln<\/p>\n<p>\u00a0\u00a0\u00a0\u00a0\u00a0\u00a0\u00a0\u00a0 \u201cNatureArtEn\u201d Ennepetal (Katalog)<\/p>\n<p>\u00a0\u00a0\u00a0\u00a0\u00a0\u00a0\u00a0\u00a0 \u201cRebellion im Alltag\u201c Attendorn (Katalog)<\/p>\n<p>\u00a0\u00a0\u00a0\u00a0\u00a0\u00a0\u00a0\u00a0 \u201cwie man sich bettet&#8230;\u201c Lennestadt<\/p>\n<p>\u00a0\u00a0\u00a0\u00a0\u00a0\u00a0\u00a0\u00a0 \u201cMomente-Fragmente\u201d Westf\u00e4lisches Museum f\u00fcr Arch\u00e4ologie,\u00a0 Herne (Katalog)<\/p>\n<p>2006 \u201eRebellion im Alltag\u201d Kamen, Meschede (Katalog)<\/p>\n<p>\u00a0\u00a0\u00a0\u00a0\u00a0\u00a0\u00a0\u00a0 \u201cBlau\u201d Grundsteinlegung\u00a0 des Emil-Schumacher-Museums, Hagen<\/p>\n<p>\u00a0\u00a0\u00a0\u00a0\u00a0\u00a0\u00a0\u00a0 \u201chautnah\u201d\u00a0 Lennestadt<\/p>\n<p>\u00a0\u00a0\u00a0\u00a0\u00a0\u00a0\u00a0\u00a0 \u201cbr\u00fccken bauen\u201d Otwock, Polen (Doku)<\/p>\n<p>\u00a0\u00a0\u00a0\u00a0\u00a0\u00a0\u00a0\u00a0 \u201cWandlungsprozesse\u201d\u00a0 Gelsenkirchen (Katalog)<\/p>\n<p>\u00a0\u00a0\u00a0\u00a0\u00a0\u00a0\u00a0\u00a0 \u201cmit der kunst an fu\u00dfball denken\u201d S-Galerie Siegen (1.Preis)<\/p>\n<p>2007\u201cAugenblick verweile&#8230;\u201c Fabry-Museum, Hilden (Katalog)<\/p>\n<p>\u00a0\u00a0\u00a0\u00a0\u00a0\u00a0\u00a0\u00a0 \u201cKoordinaten \u2013 Westf\u00e4lische Kunst im Dialog\u201d Landeshaus M\u00fcnster (Katalog)<\/p>\n<p>\u00a0\u00a0\u00a0\u00a0\u00a0\u00a0\u00a0\u00a0 \u201cR\u00e4ume\u201d Kunstsommer Siegen<\/p>\n<p>\u00a0\u00a0\u00a0\u00a0\u00a0\u00a0\u00a0\u00a0 \u201eZeitgleich-Zeitzeichen: Die R\u00fcckseite des Mondes\u201d Stadtmuseum Hattingen (Katalog)<\/p>\n<p>\u00a0\u00a0\u00a0\u00a0\u00a0\u00a0\u00a0\u00a0 \u201cH\u00f6ren. Sehen\u201d WDR-Studio Siegen<\/p>\n<p>\u00a0\u00a0\u00a0\u00a0\u00a0\u00a0\u00a0\u00a0 \u201cdrucksachen\u201d\u00a0 Attendorn (3K)<\/p>\n<p>2008 \u201cKunst in der Kluterth\u00f6hle\u201d Ennepetal (Katalog)<\/p>\n<p>\u00a0\u00a0\u00a0\u00a0\u00a0\u00a0\u00a0\u00a0 \u201c60 Jahre BBK NRW \u2013 Landesausstellung in K\u00f6ln\u201c\u00a0 Stapelhaus K\u00f6ln<\/p>\n<p>\u00a0\u00a0\u00a0\u00a0\u00a0\u00a0\u00a0\u00a0 \u201cAufkreuzen in Telgte\u201d Heimatmuseum Telgte<\/p>\n<p>\u00a0\u00a0\u00a0\u00a0\u00a0\u00a0\u00a0\u00a0 \u201cimpresi\u00f2nes de cuba\u201d Galerie Kontraste, Erwitte (4K)<\/p>\n<p>\u00a0\u00a0\u00a0\u00a0\u00a0\u00a0\u00a0\u00a0 \u201csieben tods\u00fcnden\u201d Lennestadt (Katalog)<\/p>\n<p>\u00a0\u00a0\u00a0\u00a0\u00a0\u00a0\u00a0\u00a0 \u201cBegegnung\u201c Ottwock und Warschau\/ Polen (Doku)<\/p>\n<p>\u00a0\u00a0\u00a0\u00a0\u00a0\u00a0\u00a0\u00a0 \u201caltar. der besondere ort\u201d Offene Lutherkirche, Hagen<\/p>\n<p>\u00a0\u00a0\u00a0\u00a0\u00a0\u00a0\u00a0\u00a0 \u201cMorbide Sch\u00f6nheit. Havanna.\u201d Galerie Luisenhof, Bochum (2K)<\/p>\n<p>2009 \u00a0\u201eSchmerz &#8211; Bilder vom Menschen\u201c Fabry-Museum, Hilden (Katalog)<\/p>\n<p>\u00a0\u00a0\u00a0\u00a0\u00a0\u00a0\u00a0\u00a0 \u201caltar. der besondere ort\u201d Museum Kloster Kamp, Kamp-Lintfort (Katalog)<\/p>\n<p>\u00a0\u00a0\u00a0\u00a0\u00a0\u00a0\u00a0\u00a0 \u201cWasser &gt;Wege\u201c Kulturspeicher D\u00f6renthe (Katalog)<\/p>\n<p>\u00a0\u00a0\u00a0\u00a0\u00a0\u00a0\u00a0\u00a0 \u201cNahaufnahme\u201c Kreishaus Olpe (Katalog)<\/p>\n<p>2010 \u201csieben tods\u00fcnden\u201d Abtei Marienstatt<\/p>\n<p>\u00a0\u00a0\u00a0\u00a0\u00a0\u00a0\u00a0\u00a0 Kunstausstellung des BBK e.V. zum Stiepeler Kunstsommer<\/p>\n<p>\u00a0\u00a0\u00a0\u00a0\u00a0\u00a0\u00a0\u00a0 \u201csch\u00f6n alt\u201c Museum f\u00fcr Stadtgeschichte, Bochum<\/p>\n<p>\u00a0\u00a0\u00a0\u00a0\u00a0\u00a0\u00a0\u00a0 &#8222;altar. der besondere ort\u201d Atelierhaus Westfalenh\u00fctte, Dortmund<\/p>\n<p>\u00a0\u00a0\u00a0\u00a0\u00a0\u00a0\u00a0\u00a0\u00a0 &#8222;Starke Orte&#8220; &#8211; Essen, Kulturhauptstadt 2010: Landschaftspark Duisburg_Nord (Katalog) \u2022 Phoenix-Halle,\u00a0\u00a0<\/p>\n<p>\u00a0\u00a0\u00a0\u00a0\u00a0\u00a0\u00a0\u00a0\u00a0 Dortmund (Katalog) \u2022 Historisches Amtshaus, Mengede \u2022 Luftschutzbunker Sodingen, Herne \u2022 Turbinenhalle<\/p>\n<p>\u00a0\u00a0\u00a0\u00a0\u00a0\u00a0\u00a0\u00a0 \u00a0 \/Jahrhunderthalle Bochum<\/p>\n<p>\u00a0\u00a0\u00a0\u00a0\u00a0\u00a0\u00a0 \u201cHANSEreiseKOFFER\u201c HanseartWORKS, P\u00e4rnu, Estland (Katalog)<\/p>\n<p>2011 \u201epatterns of life\u201c Mexicocity<\/p>\n<p>\u00a0\u00a0\u00a0\u00a0\u00a0\u00a0\u00a0\u00a0 \u201caltar. der besondere ort\u201d S\u00fcdsauerlandmuseum Attendorn<\/p>\n<p>\u00a0\u00a0\u00a0\u00a0\u00a0\u00a0\u00a0\u00a0 \u201cQuergesponnen\u201c Essen, ehem. Scheidtsche Tuchhallen<\/p>\n<p>\u00a0\u00a0\u00a0\u00a0\u00a0\u00a0\u00a0\u00a0 \u201cDas Fremde \u2013 Reencontro III\u201c Interkultureller Workshop mit K\u00fcnstlern aus Mosambik, Attendorn (Katalog)<\/p>\n<p>\u00a0\u00a0\u00a0\u00a0\u00a0\u00a0\u00a0\u00a0 \u201cOlpe und andernorts\u201c Olpe<\/p>\n<p>\u00a0\u00a0\u00a0\u00a0\u00a0\u00a0\u00a0\u00a0 \u201creihenweise\u201c Moers, Peschkenhaus<\/p>\n<p>2012 Muraleando 2012\u201c Internationales Stadtteilprojekt, Havanna, Kuba<\/p>\n<p>\u00a0\u00a0\u00a0\u00a0\u00a0\u00a0\u00a0\u00a0 \u201cHand angelegt\u201c L\u00fcnen (Katalog)<\/p>\n<p>\u00a0\u00a0\u00a0\u00a0\u00a0\u00a0\u00a0\u00a0 \u201cWie die Faust aufs Auge. Von der \u00c4sthetik des Banalen\u201c Olpe<\/p>\n<p>\u00a0\u00a0\u00a0\u00a0\u00a0\u00a0\u00a0\u00a0 \u201cMexico.posici\u00f2nes\u201c Stadtgalerie Altena<\/p>\n<p>\u00a0\u00a0\u00a0\u00a0\u00a0\u00a0\u00a0\u00a0 \u201cGesicht-Form-Farbe\u201c HANSEartWORKS, L\u00fcneburg (Katalog)<\/p>\n<p>\u00a0\u00a0\u00a0\u00a0\u00a0\u00a0\u00a0\u00a0 \u201cAn der Grenze der EU\u201c Otwock, Polen (Katalog)<\/p>\n<p>\u00a0\u00a0\u00a0\u00a0\u00a0\u00a0\u00a0\u00a0 \u201cEinzelst\u00fcck\u201c Atelierhaus Westfalenh\u00fctte, Dortmund<\/p>\n<p>\u00a0\u00a0\u00a0\u00a0\u00a0\u00a0\u00a0\u00a0 \u201cwasser.werke\u201c S\u00fcdsauerlandmuseum, Attendorn (Katalog)<\/p>\n<p>\u00a0\u00a0\u00a0\u00a0\u00a0\u00a0\u00a0\u00a0 \u201cBig B\u00e4ng\u201c Big Galery, Dortmund (Katalog)<\/p>\n<p>2013 \u201ewasser.werke\u201c Stadtgalerie L\u00fcnen (Katalog)<\/p>\n<p>\u00a0\u00a0\u00a0\u00a0\u00a0\u00a0\u00a0 \u201ewasser.werke\u201c Kloster Wedinghausen, Arnsberg<\/p>\n<p>\u00a0\u00a0\u00a0\u00a0\u00a0\u00a0\u00a0 \u201csch\u00f6n alt\u201c Krefeld<\/p>\n<p>\u00a0\u00a0\u00a0\u00a0\u00a0 \u00a0 \u201cStandpunkt\u201c Olpe<\/p>\n<p>\u00a0\u00a0\u00a0\u00a0\u00a0\u00a0\u00a0 \u201cdas Beste zum Schluss &#8211; Urbane Orte\u201c Museum am Ostwall in Dortmund<\/p>\n<p>\u00a0\u00a0\u00a0\u00a0\u00a0\u00a0\u00a0 \u201cMexico.reflexci\u00f2nes\u201c Atelierhaus Westfalenh\u00fctte, Dortmund<\/p>\n<p>\u00a0\u00a0\u00a0\u00a0\u00a0\u00a0\u00a0 \u201eHorizonte\u201c Big Galery, Dortmund (Katalog)<\/p>\n<p>\u00a0\u00a0\u00a0\u00a0 \u00a0\u00a0 \u201cMexico &#8211; eine Reise durch die Geschichte\u201c Generalkonsulat von Mexiko, Frankfurt (Katalog)<\/p>\n<p>2014 &#8222;von der melancholie des erreichten\u201c Torhaus Rombergpark, St\u00e4dtische Galerie Dortmund (EA)<\/p>\n<p>\u00a0\u00a0\u00a0\u00a0\u00a0\u00a0\u00a0\u00a0 \u201e\u00dcberg\u00e4nge. flie\u00dfend und sperrig\u201c WDR-Studio Siegen (EA)<\/p>\n<p>\u00a0 \u00a0 \u00a0 \u00a0\u00a0 \u201eZeitgleich-Zeitzeichen: Die R\u00fcckseite des Mondes. Inventionen 2014\u201d Big Galery, Dortmund (Katalog)<\/p>\n<p>\u00a0\u00a0\u00a0\u00a0\u00a0\u00a0\u00a0\u00a0 &#8222;exposicion centro cultural mexiquense bicentenario&#8220;, Mexicocity<\/p>\n<p>\u00a0\u00a0\u00a0\u00a0\u00a0\u00a0\u00a0\u00a0 \u201ewasser.werke\u201c L\u00fcntec, L\u00fcnen (Katalog)<\/p>\n<p>\u00a0\u00a0\u00a0\u00a0\u00a0\u00a0\u00a0\u00a0 &#8222;25 Jahre K\u00fcnstlerbund S\u00fcdsauerland&#8220;, Olpe<\/p>\n<p>2015 &#8222;gezeichnet-gedruckt-geformt\u201c Big Galery, Dortmund (Katalog)<\/p>\n<p>\u00a0\u00a0\u00a0\u00a0\u00a0\u00a0\u00a0\u00a0 \u201eSpurensuche in der Region\u201c Lennestadt, mit der poln. K\u00fcnstlervereinigung Plastycy Ziemi Otwockij (Katalog)<\/p>\n<p>\u00a0\u00a0\u00a0\u00a0\u00a0\u00a0\u00a0\u00a0 \u201eOffene R\u00e4ume Kaiserstra\u00dfe 50\u201c Wetter<\/p>\n<p>\u00a0\u00a0\u00a0\u00a0\u00a0\u00a0\u00a0\u00a0 \u201cRetour\u201c Kulturspeicher W\u00fcrzburg<\/p>\n<p>\u00a0\u00a0\u00a0\u00a0\u00a0\u00a0\u00a0\u00a0\u00a0 \u201cmagische orte\u201c, Olpe (und Kunstsommer Siegen)<\/p>\n<p>\u00a0\u00a0\u00a0\u00a0\u00a0\u00a0\u00a0\u00a0\u00a0 \u201cWie die Faust aufs Auge. Von der \u00c4sthetik des Banalen\u201c Atelierhaus Westfalenh\u00fctte, Dortmund<\/p>\n<p>\u00a0\u00a0\u00a0\u00a0\u00a0\u00a0\u00a0\u00a0\u00a0 \u201c210&#215;30\u201c Big Galery, Dortmund (Katalog)<\/p>\n<p>\u00a0\u00a0\u00a0\u00a0\u00a0\u00a0\u00a0\u00a0\u00a0 \u201cuAwg\u201c Big Galery, Dortmund (Katalog)<\/p>\n<p>2016 &#8222;u.A.w.g\u201c Kiel (Katalog)<\/p>\n<p>\u00a0\u00a0\u00a0\u00a0\u00a0\u00a0\u00a0\u00a0 \u201cCuba que linda es\u201c Atelierhaus Westfalenh\u00fctte, Dortmund<\/p>\n<p>\u00a0\u00a0\u00a0\u00a0\u00a0\u00a0\u00a0\u00a0 \u201c100 Jahre Otwock\u201c Otwock, Polen (Filmdoku)<\/p>\n<p>\u00a0\u00a0\u00a0\u00a0\u00a0\u00a0\u00a0\u00a0 \u201cWellenl\u00e4ngen\u201c KBS, Kulturbahnhof Lennestadt<\/p>\n<p>2017 \u201cEntfernungen\u201c IHK, Siegen (EA)<\/p>\n<p>\u00a0\u00a0\u00a0\u00a0\u00a0\u00a0\u00a0\u00a0 &#8222;Vernetzung&#8220; Workshop mit polnischen und deutschen K\u00fcnstlern, Lennestadt (Katalog)<\/p>\n<p>\u00a0\u00a0\u00a0\u00a0\u00a0\u00a0\u00a0\u00a0 &#8222;KreisWeiten\u201c Museum Wendener H\u00fctte, Wenden (Katalog)<\/p>\n<p>\u00a0\u00a0\u00a0\u00a0\u00a0\u00a0\u00a0\u00a0 &#8222;Bewegung\u201c Big Galery, Dortmund (Katalog)<\/p>\n<p>2018 \u201eLandschaft I\u201c St\u00e4dtische Galerie Iserlohn<\/p>\n<p>\u00a0\u00a0\u00a0\u00a0\u00a0\u00a0\u00a0\u00a0 \u201eGeheimnis\u201c S\u00fcdbahnhof Krefeld<\/p>\n<p>\u00a0\u00a0\u00a0\u00a0\u00a0\u00a0\u00a0\u00a0 \u201eKontakt unerwartet\u201c S\u00fcdSauerlandMuseum, Attendorn (Katalog)<\/p>\n<p>\u00a0\u00a0\u00a0\u00a0\u00a0\u00a0\u00a0\u00a0 \u201eLandschaft II\u201c S\u00fcdbahnhof Krefeld<\/p>\n<p>\u00a0\u00a0\u00a0\u00a0\u00a0\u00a0\u00a0\u00a0 \u201eEin Meter Kunst\u201c Big Galery, Dortmund (Katalog)<\/p>\n<p><em>\u00a0\u00a0\u00a0\u00a0\u00a0\u00a0\u00a0\u00a0 \u201e<\/em>International Hanseatic Exhibition\u201c Rostock (Katalog)<\/p>\n<p>2019 \u201eZeitfenster auf Kipp\u201c Big Galery, Dortmund (Katalog)<\/p>\n<p>\u00a0\u00a0\u00a0\u00a0\u00a0\u00a0\u00a0\u00a0 \u201ewasserartig\u201c Museum Wendener H\u00fctte, Wenden (Katalog)<\/p>\n<p>\u00a0\u00a0\u00a0\u00a0\u00a0\u00a0\u00a0\u00a0 \u201e2+5\u201c projekt a+, Alte Engelsvilla, Engelskirchen<\/p>\n<p>\u00a0\u00a0\u00a0\u00a0\u00a0\u00a0\u00a0\u00a0 \u201estreckenweise\u201c Kulturbahnhof Grevenbr\u00fcck (Katalog)<\/p>\n<p>\u00a0\u00a0\u00a0\u00a0\u00a0\u00a0\u00a0\u00a0 \u201eTolerance and cultural differences\u201c Museum Otwockij, Polen (Katalog)<\/p>\n<p>\u00a0\u00a0\u00a0\u00a0\u00a0\u00a0\u00a0\u00a0 \u201eFeuer.Wasser\u201c Installation aus Cortenstahl, Skulpturenweg Museum Wendener H\u00fctte\u00ad<\/p>\n<p>2020 ! ViVa DADA \u02c820 ! Internationale DADAMesseDO<\/p>\n<p>\u00a0\u00a0\u00a0\u00a0\u00a0\u00a0\u00a0\u00a0 &#8222;Stadt der Hoffnung&#8220; HanseArtWorks &#8222;Leute-Tr\u00e4ume-Orte&#8220;, Brilon (virt. Katalog)<\/p>\n<p>2022 &#8222;Feuer l\u00f6schen&#8220; Installation aus Cortenstahl, Innenstadt Attendorn<\/p>\n<p>\u00a0 \u00a0 \u00a0 \u00a0 \u00a0 \u201eHeimat, s\u00fc\u00dfe Heimat&#8220;, S\u00fcdsauerlandmuseum (Katalog)<\/p>\n<p>\u00a0\u00a0\u00a0\u00a0\u00a0\u00a0\u00a0\u00a0\u00a0 \u201eTen years after\u201c Big Galery, Dortmund (Katalog) \u00a0\u00a0\u00a0\u00a0\u00a0\u00a0\u00a0\u00a0<\/p>\n<p><span style=\"color: #ffffff;\">Weitere Publikationen:<\/span><\/p>\n<p>Plakat f\u00fcr die (Wahlheimat-) Stadt Attendorn <i>\u201c775 Jahre Attendorn &#8211; malerische Impressionen\u201c<\/i> 1997\u00a0 \u2022\u00a0 Kunstband <i>&#8222;Kunst und K\u00fcnstler im Kreis Olpe, Teil II&#8220; <\/i>Hrsg. Kunstverein S\u00fcdsauerland<\/p>\n<p>Ver\u00f6ffentlichung \u201cJunge Bilder im Alter\u201c, Vera von Achenbach, Barbara Seifert, Klartext Essen 2010<\/p>\n\n\n\n<p><\/p>\n<\/div><\/div>\n<\/div><\/div>\n<\/div>\n<\/div>\n","protected":false},"excerpt":{"rendered":"","protected":false},"author":1,"featured_media":4,"parent":0,"menu_order":2,"comment_status":"closed","ping_status":"closed","template":"","meta":[],"_links":{"self":[{"href":"http:\/\/marliesbackhaus.de\/index.php?rest_route=\/wp\/v2\/pages\/9"}],"collection":[{"href":"http:\/\/marliesbackhaus.de\/index.php?rest_route=\/wp\/v2\/pages"}],"about":[{"href":"http:\/\/marliesbackhaus.de\/index.php?rest_route=\/wp\/v2\/types\/page"}],"author":[{"embeddable":true,"href":"http:\/\/marliesbackhaus.de\/index.php?rest_route=\/wp\/v2\/users\/1"}],"replies":[{"embeddable":true,"href":"http:\/\/marliesbackhaus.de\/index.php?rest_route=%2Fwp%2Fv2%2Fcomments&post=9"}],"version-history":[{"count":26,"href":"http:\/\/marliesbackhaus.de\/index.php?rest_route=\/wp\/v2\/pages\/9\/revisions"}],"predecessor-version":[{"id":228,"href":"http:\/\/marliesbackhaus.de\/index.php?rest_route=\/wp\/v2\/pages\/9\/revisions\/228"}],"wp:featuredmedia":[{"embeddable":true,"href":"http:\/\/marliesbackhaus.de\/index.php?rest_route=\/wp\/v2\/media\/4"}],"wp:attachment":[{"href":"http:\/\/marliesbackhaus.de\/index.php?rest_route=%2Fwp%2Fv2%2Fmedia&parent=9"}],"curies":[{"name":"wp","href":"https:\/\/api.w.org\/{rel}","templated":true}]}}